{"id":146,"date":"2026-04-29T20:30:15","date_gmt":"2026-04-29T20:30:15","guid":{"rendered":"https:\/\/zeitzuhandeln.net\/?page_id=146"},"modified":"2026-04-29T20:30:38","modified_gmt":"2026-04-29T20:30:38","slug":"warum-wir-im-kontext-der-widersetzen-aktionen-mobilisieren","status":"publish","type":"page","link":"https:\/\/zeitzuhandeln.net\/?page_id=146","title":{"rendered":"Warum wir im Kontext der Widersetzen-Aktionen mobilisieren?"},"content":{"rendered":"\n<p>Essen, Riesa, Gie\u00dfen und jetzt Erfurt. Seit knapp zwei Jahren wird versucht, mittels einer bundesweiten Kampagne Gro\u00dfproteste und zivilen Ungehorsam gegen AfD-Parteitage zu organisieren. Zusammengerechnet haben sich an den Aktivit\u00e4ten von <em>Widersetzen<\/em> bisher mehrere zehntausend Menschen beteiligt.<br><br>Die <em><a href=\"https:\/\/widersetzen.com\/\">Widersetzen<\/a><\/em>-Kampagne ist in der antifaschistischen Bewegung jedoch nicht unumstritten. Zugunsten einer vermeintlichen gesellschaftlichen Breite verzichtet sie auf klare Positionierungen, Analysen und wirksame Praxisvorschl\u00e4ge. Das geschieht bewusst und ist keine Frage der Medienarbeit, sondern eine strategische Herangehensweise. Wir denken, eine falsche.<br><br>In Zeiten sich zuspitzender gesellschaftlicher Widerspr\u00fcche und einer erstarkenden faschistischen Bewegung sollte auf den Erfahrungen der antifaschistischen Bewegung aufgebaut werden, statt sie \u00fcber Bord zu werfen. Dass die Kombination aus vielschichtigem Kampf gegen die Reaktion und einer tiefgreifenden Kritik am gesellschaftlichen Normalzustand ankn\u00fcpfungsf\u00e4hig und mobilisierend sein kann, haben nicht nur die letzten Jahrzehnte gezeigt. Schon historisch war es dieses Fundament, auf dem der Widerstand gegen die deutschen Faschist:innen fu\u00dfte.<br>Statt mehreren Schritten zur\u00fcck sollte es also eigentlich momentan darum gehen, vielen Menschen Br\u00fccken und Wege zum Stand des Kampfes zu bauen. Das geschieht zumindest bei <em>Widersetzen<\/em> nicht so, wie es m\u00f6glich und n\u00f6tig w\u00e4re.<br><br>Trotzdem halten wir es f\u00fcr falsch, die <em>Widersetzen<\/em>-Mobilisierungen nur unter diesen Aspekten zu betrachten. Wir waren Teil der Mobilisierungen nach Essen, Riesa und Gie\u00dfen und werden das auch in Erfurt sein. Weil wir der \u00dcberzeugung sind, dass die organisierte antifaschistische Bewegung dort sein sollte, wo tats\u00e4chlich gek\u00e4mpft wird. Und das war bei den <em>Widersetzen<\/em>-Aktionen bisher durchaus der Fall.<br>Die Bewegung auf der Stra\u00dfe ist wesentlich weiter und bereiter, als es der <em>Widersetzen<\/em>-Kampagnenapparat ist. Viele merken, dass ziviler Ungehorsam in Anbetracht der Gesamtumst\u00e4nde und der Reaktion des b\u00fcrgerlichen Staates alleine nicht das geeignete Protest-Format ist.<br><\/p>\n\n\n\n<p><em>Widersetzen<\/em> spricht viele Menschen an, die auf der Suche nach einer Strategie gegen Rechts sind. <em>Widersetzen<\/em> bringt diese Menschen in Bewegung. Beides sind Tatsachen, die wir weder verschweigen noch kleinreden wollen.<br>Nachhaltiger Antifaschismus ist aber eben mehr als zentral organisiertes Campaining und Organizing-Workshops. Er ist konkret und allt\u00e4glich. In B\u00fcndnissen gegen Rechts, in antifaschistischen Gruppen. Dort, wo wir leben, arbeiten und unsere Freizeit verbringen. Praktischer Antifaschismus ist kleinteilig, herausfordernd und, wegen der erstarkenden faschistischen Strukturen und heftigeren staatlichen Repression, zunehmend unangenehm.<\/p>\n\n\n\n<p>Alle die, die diesen Kampf trotz alledem noch aufnehmen wollen um am 4. Juli nach Erfurt fahren, k\u00f6nnen und m\u00fcssen wir davon \u00fcberzeugen, auch nach der Gro\u00dfmobilisierung aktiv zu bleiben, sich lokalen Antifa-Strukturen anzuschlie\u00dfen oder welche aufzubauen und den Kampf gegen Rechts nachhaltig anzugehen. Dabei d\u00fcrfen wir nicht mit erhobenem Zeigefinger an der Seitenlinie stehenbleiben, sondern m\u00fcssen mitten rein ins Get\u00fcmmel.<\/p>\n\n\n\n<p>Denn: Danebenstehen und sagen, wie es besser gemacht werden sollte, war schon immer die falsche Option. Genauso wie eine voreilige Distanzierung, weil das Gesamtpaket nicht passt.<\/p>\n\n\n\n<p>Wir sollten uns immer anschauen, was konkret passiert, und nach M\u00f6glichkeiten im Sinne der Sache suchen: <strong>dem Kampf gegen die faschistische Gefahr!<\/strong><\/p>\n\n\n\n<p><\/p>\n","protected":false},"excerpt":{"rendered":"<p>Essen, Riesa, Gie\u00dfen und jetzt Erfurt. Seit knapp zwei Jahren wird versucht, mittels einer bundesweiten Kampagne Gro\u00dfproteste und zivilen Ungehorsam gegen AfD-Parteitage zu organisieren. Zusammengerechnet haben sich an den Aktivit\u00e4ten von Widersetzen bisher mehrere zehntausend Menschen beteiligt. Die Widersetzen-Kampagne ist in der antifaschistischen Bewegung jedoch nicht unumstritten. Zugunsten einer vermeintlichen gesellschaftlichen Breite verzichtet sie auf [&hellip;]<\/p>\n","protected":false},"author":1,"featured_media":0,"parent":0,"menu_order":0,"comment_status":"closed","ping_status":"closed","template":"","meta":{"saved_in_kubio":true,"footnotes":""},"class_list":["post-146","page","type-page","status-publish","hentry"],"kubio_ai_page_context":{"short_desc":"","purpose":"general"},"_links":{"self":[{"href":"https:\/\/zeitzuhandeln.net\/index.php?rest_route=\/wp\/v2\/pages\/146","targetHints":{"allow":["GET"]}}],"collection":[{"href":"https:\/\/zeitzuhandeln.net\/index.php?rest_route=\/wp\/v2\/pages"}],"about":[{"href":"https:\/\/zeitzuhandeln.net\/index.php?rest_route=\/wp\/v2\/types\/page"}],"author":[{"embeddable":true,"href":"https:\/\/zeitzuhandeln.net\/index.php?rest_route=\/wp\/v2\/users\/1"}],"replies":[{"embeddable":true,"href":"https:\/\/zeitzuhandeln.net\/index.php?rest_route=%2Fwp%2Fv2%2Fcomments&post=146"}],"version-history":[{"count":1,"href":"https:\/\/zeitzuhandeln.net\/index.php?rest_route=\/wp\/v2\/pages\/146\/revisions"}],"predecessor-version":[{"id":148,"href":"https:\/\/zeitzuhandeln.net\/index.php?rest_route=\/wp\/v2\/pages\/146\/revisions\/148"}],"wp:attachment":[{"href":"https:\/\/zeitzuhandeln.net\/index.php?rest_route=%2Fwp%2Fv2%2Fmedia&parent=146"}],"curies":[{"name":"wp","href":"https:\/\/api.w.org\/{rel}","templated":true}]}}